{"id":527,"date":"2025-11-05T19:53:49","date_gmt":"2025-11-05T18:53:49","guid":{"rendered":"https:\/\/ps-mont.de\/?page_id=527"},"modified":"2025-11-05T19:54:11","modified_gmt":"2025-11-05T18:54:11","slug":"podmienky-pouzivania-suborov-cookies","status":"publish","type":"page","link":"https:\/\/ps-mont.de\/sk\/podmienky-pouzivania-suborov-cookies\/","title":{"rendered":"Podmienky pou\u017e\u00edvania s\u00faborov cookies"},"content":{"rendered":"\t\t<div data-elementor-type=\"wp-page\" data-elementor-id=\"527\" class=\"elementor elementor-527\" data-elementor-post-type=\"page\">\n\t\t\t\t<div class=\"elementor-element elementor-element-2690ca e-con-full e-flex e-con e-parent\" data-id=\"2690ca\" data-element_type=\"container\" data-settings=\"{&quot;background_background&quot;:&quot;classic&quot;}\">\n\t\t<div class=\"elementor-element elementor-element-4c66a917 e-flex e-con-boxed e-con e-child\" data-id=\"4c66a917\" data-element_type=\"container\">\n\t\t\t\t\t<div class=\"e-con-inner\">\n\t\t\t\t<div class=\"elementor-element elementor-element-3a3aadc1 elementor-widget elementor-widget-heading\" data-id=\"3a3aadc1\" data-element_type=\"widget\" data-widget_type=\"heading.default\">\n\t\t\t\t<div class=\"elementor-widget-container\">\n\t\t\t\t\t<h1 class=\"elementor-heading-title elementor-size-default\">Podmienky pou\u017e\u00edvania s\u00faborov cookies<\/h1>\t\t\t\t<\/div>\n\t\t\t\t<\/div>\n\t\t\t\t\t<\/div>\n\t\t\t\t<\/div>\n\t\t\t\t<\/div>\n\t\t<div class=\"elementor-element elementor-element-271b6594 e-flex e-con-boxed e-con e-parent\" data-id=\"271b6594\" data-element_type=\"container\">\n\t\t\t\t\t<div class=\"e-con-inner\">\n\t\t<div class=\"elementor-element elementor-element-1803b277 e-flex e-con-boxed e-con e-child\" data-id=\"1803b277\" data-element_type=\"container\">\n\t\t\t\t\t<div class=\"e-con-inner\">\n\t\t<div class=\"elementor-element elementor-element-2106454f e-flex e-con-boxed e-con e-child\" data-id=\"2106454f\" data-element_type=\"container\">\n\t\t\t\t\t<div class=\"e-con-inner\">\n\t\t\t\t<div class=\"elementor-element elementor-element-33856a7a elementor-widget elementor-widget-text-editor\" data-id=\"33856a7a\" data-element_type=\"widget\" data-widget_type=\"text-editor.default\">\n\t\t\t\t<div class=\"elementor-widget-container\">\n\t\t\t\t\t\t\t\t\t<p><strong>PS MONT DE, S. R. O.<\/strong><br \/>Hrn\u010diarska 2180\/34B<br \/>091 01 Stropkov<br \/>Slovensko<br \/>I\u010cO: 55626475<br \/>E-mail: <a href=\"mailto:Pasnisin@Infops-Monte.de\">Pasnisin@Infops-Monte.de<\/a><br \/>Telef\u00f3n: <a href=\"tel:+421904180766\">+421 904 180 766<\/a><\/p><p><strong>Aktualizovan\u00e9:<\/strong> 5. november 2025<\/p><h5>1. \u010co s\u00fa cookies<\/h5><p>Cookies s\u00fa mal\u00e9 textov\u00e9 s\u00fabory, ktor\u00e9 webov\u00e1 str\u00e1nka uklad\u00e1 do zariadenia pou\u017e\u00edvate\u013ea (po\u010d\u00edta\u010d, tablet, mobil), ke\u010f ju nav\u0161t\u00edvi. Umo\u017e\u0148uj\u00fa str\u00e1nke zapam\u00e4ta\u0165 si inform\u00e1cie o va\u0161ej n\u00e1v\u0161teve, ako napr\u00edklad jazykov\u00e9 nastavenia, prihl\u00e1senie alebo obsah ko\u0161\u00edka. T\u00fdm sa zlep\u0161uje pou\u017e\u00edvate\u013esk\u00fd z\u00e1\u017eitok a fungovanie webu.<\/p><h5>2. Ak\u00e9 typy cookies pou\u017e\u00edvame<\/h5><p>Na webovej str\u00e1nke <a href=\"https:\/\/ps-mont.de\" target=\"_blank\" rel=\"noopener\">https:\/\/ps-mont.de<\/a> pou\u017e\u00edvame nasleduj\u00face typy cookies:<\/p><ul><li><strong>Nevyhnutn\u00e9 cookies<\/strong> \u2013 s\u00fa potrebn\u00e9 pre spr\u00e1vne fungovanie webu. Bez nich by niektor\u00e9 funkcie nefungovali (napr. formul\u00e1re, prihl\u00e1senie, bezpe\u010dnostn\u00e9 overenie).<\/li><li><strong>Analytick\u00e9 cookies<\/strong> \u2013 pom\u00e1haj\u00fa n\u00e1m pochopi\u0165, ako n\u00e1v\u0161tevn\u00edci pou\u017e\u00edvaj\u00fa na\u0161u str\u00e1nku, napr\u00edklad ktor\u00e9 podstr\u00e1nky nav\u0161tevuj\u00fa naj\u010dastej\u0161ie. Tieto \u00fadaje pou\u017e\u00edvame anonymne na zlep\u0161enie obsahu a funkci\u00ed webu (napr. prostredn\u00edctvom Google Analytics alebo podobn\u00e9ho n\u00e1stroja).<\/li><li><strong>Funk\u010dn\u00e9 cookies<\/strong> \u2013 umo\u017e\u0148uj\u00fa zapam\u00e4ta\u0165 si va\u0161e vo\u013eby (napr. jazyk, lokalitu) a poskytuj\u00fa lep\u0161\u00ed komfort pri pou\u017e\u00edvan\u00ed str\u00e1nky.<\/li><li><strong>Marketingov\u00e9 cookies<\/strong> \u2013 m\u00f4\u017eu by\u0165 pou\u017eit\u00e9 na zobrazovanie relevantn\u00e9ho obsahu alebo rekl\u00e1m. Aktivuj\u00fa sa len po udelen\u00ed s\u00fahlasu pou\u017e\u00edvate\u013ea.<\/li><\/ul><h5>3. Ako pou\u017e\u00edvame cookies<\/h5><p>Cookies pou\u017e\u00edvame na:<\/p><ul><li>zabezpe\u010denie z\u00e1kladn\u00fdch funkci\u00ed webu,<\/li><li>anal\u00fdzu n\u00e1v\u0161tevnosti a spr\u00e1vania pou\u017e\u00edvate\u013eov (v anonymnej podobe),<\/li><li>zlep\u0161enie obsahu, r\u00fdchlosti a pou\u017e\u00edvate\u013eskej sk\u00fasenosti,<\/li><li>marketingov\u00e9 \u00fa\u010dely (ak pou\u017e\u00edvate\u013e s\u00fahlas\u00ed).<\/li><\/ul><h5>4. Ako m\u00f4\u017eete spravova\u0165 alebo vypn\u00fa\u0165 cookies<\/h5><p>Pou\u017e\u00edvate\u013e m\u00e1 mo\u017enos\u0165 spravova\u0165 cookies v nastaveniach svojho webov\u00e9ho prehliada\u010da. V\u00e4\u010d\u0161ina prehliada\u010dov umo\u017e\u0148uje cookies odmietnu\u0165 alebo zmaza\u0165. Upozor\u0148ujeme v\u0161ak, \u017ee vypnutie niektor\u00fdch cookies m\u00f4\u017ee ovplyvni\u0165 funk\u010dnos\u0165 str\u00e1nky.<\/p><p>Tu s\u00fa odkazy na nastavenia cookies v najpou\u017e\u00edvanej\u0161\u00edch prehliada\u010doch:<\/p><ul><li><a href=\"https:\/\/support.google.com\/chrome\/answer\/95647\" target=\"_blank\" rel=\"noopener\">Google Chrome<\/a><\/li><li><a href=\"https:\/\/support.mozilla.org\/sk\/kb\/povolenie-zakazanie-cookies\" target=\"_blank\" rel=\"noopener\">Mozilla Firefox<\/a><\/li><li><a href=\"https:\/\/support.microsoft.com\/sk-sk\/help\/17442\/windows-internet-explorer-delete-manage-cookies\" target=\"_blank\" rel=\"noopener\">Internet Explorer \/ Edge<\/a><\/li><li><a href=\"https:\/\/support.apple.com\/sk-sk\/guide\/safari\/sfri11471\/mac\" target=\"_blank\" rel=\"noopener\">Safari<\/a><\/li><\/ul><h5>5. S\u00fahlas s pou\u017e\u00edvan\u00edm cookies<\/h5><p>Pri prvej n\u00e1v\u0161teve webu sa zobraz\u00ed oznam (banner) s inform\u00e1ciou o pou\u017e\u00edvan\u00ed cookies. M\u00f4\u017eete vyjadri\u0165 s\u00fahlas s ich pou\u017e\u00edvan\u00edm alebo si nastavi\u0165, ktor\u00e9 kateg\u00f3rie chcete povoli\u0165. S\u00fahlas m\u00f4\u017eete kedyko\u013evek odvola\u0165 prostredn\u00edctvom odkazu alebo tla\u010didla \u201eNastavenia cookies\u201c dostupn\u00e9ho na str\u00e1nke.<\/p><h5>6. Tretie strany<\/h5><p>Niektor\u00e9 cookies m\u00f4\u017eu poch\u00e1dza\u0165 od tret\u00edch str\u00e1n, napr\u00edklad:<\/p><ul><li><strong>Google Analytics<\/strong> \u2013 anonymn\u00e1 analytika n\u00e1v\u0161tevnosti (Google Ireland Limited)<\/li><li><strong>Google Ads \/ Meta Pixel<\/strong> \u2013 marketingov\u00e9 merania a optimaliz\u00e1cia rekl\u00e1m (ak s\u00fa akt\u00edvne a so s\u00fahlasom)<\/li><li><strong>Hostingov\u00e9 a bezpe\u010dnostn\u00e9 slu\u017eby<\/strong> \u2013 cookies m\u00f4\u017eu by\u0165 pou\u017e\u00edvan\u00e9 na ochranu pred \u00fatokmi (napr. reCAPTCHA, firewall)<\/li><\/ul><p>Tieto tretie strany m\u00f4\u017eu sprac\u00fava\u0165 \u00fadaje mimo E\u00da. V takom pr\u00edpade s\u00fa zabezpe\u010den\u00e9 primeran\u00e9 pr\u00e1vne mechanizmy (napr. \u0161tandardn\u00e9 zmluvn\u00e9 dolo\u017eky).<\/p><h5>7. Doba uchov\u00e1vania cookies<\/h5><p>Doba uchov\u00e1vania z\u00e1vis\u00ed od typu cookies:<\/p><ul><li><strong>Rela\u010dn\u00e9 cookies<\/strong> \u2013 s\u00fa vymazan\u00e9 po zatvoren\u00ed prehliada\u010da<\/li><li><strong>Trval\u00e9 cookies<\/strong> \u2013 zost\u00e1vaj\u00fa ulo\u017een\u00e9 do ich uplynutia alebo manu\u00e1lneho zmazania (zvy\u010dajne 30 dn\u00ed a\u017e 1 rok)<\/li><\/ul><h5>8. Zmeny v podmienkach cookies<\/h5><p>PS MONT DE, S. R. O. si vyhradzuje pr\u00e1vo kedyko\u013evek aktualizova\u0165 tieto podmienky, napr\u00edklad z d\u00f4vodu zmien v pr\u00e1vnych predpisoch alebo pou\u017e\u00edvan\u00fdch technol\u00f3gi\u00e1ch. Aktu\u00e1lna verzia je v\u017edy zverejnen\u00e1 na na\u0161ej webovej str\u00e1nke.<\/p><h5>9. Kontakt<\/h5><p>Ak m\u00e1te ot\u00e1zky oh\u013eadom pou\u017e\u00edvania cookies, kontaktujte n\u00e1s:<\/p><p><strong>PS MONT DE, S. R. O.<\/strong><br \/>E-mail: <a href=\"mailto:Pasnisin@Infops-Monte.de\">Pasnisin@Infops-Monte.de<\/a><br \/>Telef\u00f3n: <a href=\"tel:+421904180766\">+421 904 180 766<\/a><\/p>\t\t\t\t\t\t\t\t<\/div>\n\t\t\t\t<\/div>\n\t\t\t\t\t<\/div>\n\t\t\t\t<\/div>\n\t\t\t\t\t<\/div>\n\t\t\t\t<\/div>\n\t\t\t\t\t<\/div>\n\t\t\t\t<\/div>\n\t\t\t\t<\/div>\n\t\t","protected":false},"excerpt":{"rendered":"<p>Podmienky pou\u017e\u00edvania s\u00faborov cookies PS MONT DE, S. R. O.Hrn\u010diarska 2180\/34B091 01 StropkovSlovenskoI\u010cO: 55626475E-mail: Pasnisin@Infops-Monte.deTelef\u00f3n: +421 904 180 766 Aktualizovan\u00e9: 5. november 2025 1. \u010co s\u00fa cookies Cookies s\u00fa mal\u00e9 textov\u00e9 s\u00fabory, ktor\u00e9 webov\u00e1 str\u00e1nka uklad\u00e1 do zariadenia pou\u017e\u00edvate\u013ea (po\u010d\u00edta\u010d, tablet, mobil), ke\u010f ju nav\u0161t\u00edvi. Umo\u017e\u0148uj\u00fa str\u00e1nke zapam\u00e4ta\u0165 si inform\u00e1cie o va\u0161ej n\u00e1v\u0161teve, ako napr\u00edklad [&hellip;]<\/p>\n","protected":false},"author":1,"featured_media":0,"parent":0,"menu_order":0,"comment_status":"closed","ping_status":"closed","template":"elementor_header_footer","meta":{"footnotes":""},"class_list":["post-527","page","type-page","status-publish","hentry"],"yoast_head":"<!-- This site is optimized with the Yoast SEO plugin v24.4 - https:\/\/yoast.com\/wordpress\/plugins\/seo\/ -->\n<title>Podmienky pou\u017e\u00edvania s\u00faborov cookies - PS MONT DE, s. r. o.<\/title>\n<meta name=\"robots\" content=\"index, follow, max-snippet:-1, max-image-preview:large, max-video-preview:-1\" \/>\n<link rel=\"canonical\" href=\"https:\/\/ps-mont.de\/podmienky-pouzivania-suborov-cookies\/\" \/>\n<meta property=\"og:locale\" content=\"sk_SK\" \/>\n<meta property=\"og:type\" content=\"article\" \/>\n<meta property=\"og:title\" content=\"Podmienky pou\u017e\u00edvania s\u00faborov cookies - PS MONT DE, s. r. o.\" \/>\n<meta property=\"og:description\" content=\"Podmienky pou\u017e\u00edvania s\u00faborov cookies PS MONT DE, S. R. O.Hrn\u010diarska 2180\/34B091 01 StropkovSlovenskoI\u010cO: 55626475E-mail: Pasnisin@Infops-Monte.deTelef\u00f3n: +421 904 180 766 Aktualizovan\u00e9: 5. november 2025 1. \u010co s\u00fa cookies Cookies s\u00fa mal\u00e9 textov\u00e9 s\u00fabory, ktor\u00e9 webov\u00e1 str\u00e1nka uklad\u00e1 do zariadenia pou\u017e\u00edvate\u013ea (po\u010d\u00edta\u010d, tablet, mobil), ke\u010f ju nav\u0161t\u00edvi. Umo\u017e\u0148uj\u00fa str\u00e1nke zapam\u00e4ta\u0165 si inform\u00e1cie o va\u0161ej n\u00e1v\u0161teve, ako napr\u00edklad [&hellip;]\" \/>\n<meta property=\"og:url\" content=\"https:\/\/ps-mont.de\/podmienky-pouzivania-suborov-cookies\/\" \/>\n<meta property=\"og:site_name\" content=\"PS MONT DE, s. r. o.\" \/>\n<meta property=\"article:modified_time\" content=\"2025-11-05T18:54:11+00:00\" \/>\n<meta name=\"twitter:card\" content=\"summary_large_image\" \/>\n<meta name=\"twitter:label1\" content=\"Predpokladan\u00fd \u010das \u010d\u00edtania\" \/>\n\t<meta name=\"twitter:data1\" content=\"3 min\u00faty\" \/>\n<script type=\"application\/ld+json\" class=\"yoast-schema-graph\">{\"@context\":\"https:\/\/schema.org\",\"@graph\":[{\"@type\":\"WebPage\",\"@id\":\"https:\/\/ps-mont.de\/podmienky-pouzivania-suborov-cookies\/\",\"url\":\"https:\/\/ps-mont.de\/podmienky-pouzivania-suborov-cookies\/\",\"name\":\"Podmienky pou\u017e\u00edvania s\u00faborov cookies - PS MONT DE, s. r. o.\",\"isPartOf\":{\"@id\":\"https:\/\/ps-mont.de\/#website\"},\"datePublished\":\"2025-11-05T18:53:49+00:00\",\"dateModified\":\"2025-11-05T18:54:11+00:00\",\"breadcrumb\":{\"@id\":\"https:\/\/ps-mont.de\/podmienky-pouzivania-suborov-cookies\/#breadcrumb\"},\"inLanguage\":\"sk-SK\",\"potentialAction\":[{\"@type\":\"ReadAction\",\"target\":[\"https:\/\/ps-mont.de\/podmienky-pouzivania-suborov-cookies\/\"]}]},{\"@type\":\"BreadcrumbList\",\"@id\":\"https:\/\/ps-mont.de\/podmienky-pouzivania-suborov-cookies\/#breadcrumb\",\"itemListElement\":[{\"@type\":\"ListItem\",\"position\":1,\"name\":\"Domovsk\u00e1 str\u00e1nka\",\"item\":\"https:\/\/ps-mont.de\/\"},{\"@type\":\"ListItem\",\"position\":2,\"name\":\"Podmienky pou\u017e\u00edvania s\u00faborov cookies\"}]},{\"@type\":\"WebSite\",\"@id\":\"https:\/\/ps-mont.de\/#website\",\"url\":\"https:\/\/ps-mont.de\/\",\"name\":\"PS MONT DE, s. r. o.\",\"description\":\"\",\"potentialAction\":[{\"@type\":\"SearchAction\",\"target\":{\"@type\":\"EntryPoint\",\"urlTemplate\":\"https:\/\/ps-mont.de\/?s={search_term_string}\"},\"query-input\":{\"@type\":\"PropertyValueSpecification\",\"valueRequired\":true,\"valueName\":\"search_term_string\"}}],\"inLanguage\":\"sk-SK\"}]}<\/script>\n<!-- \/ Yoast SEO plugin. -->","yoast_head_json":{"title":"Podmienky pou\u017e\u00edvania s\u00faborov cookies - PS MONT DE, s. r. o.","robots":{"index":"index","follow":"follow","max-snippet":"max-snippet:-1","max-image-preview":"max-image-preview:large","max-video-preview":"max-video-preview:-1"},"canonical":"https:\/\/ps-mont.de\/podmienky-pouzivania-suborov-cookies\/","og_locale":"sk_SK","og_type":"article","og_title":"Podmienky pou\u017e\u00edvania s\u00faborov cookies - PS MONT DE, s. r. o.","og_description":"Podmienky pou\u017e\u00edvania s\u00faborov cookies PS MONT DE, S. R. O.Hrn\u010diarska 2180\/34B091 01 StropkovSlovenskoI\u010cO: 55626475E-mail: Pasnisin@Infops-Monte.deTelef\u00f3n: +421 904 180 766 Aktualizovan\u00e9: 5. november 2025 1. \u010co s\u00fa cookies Cookies s\u00fa mal\u00e9 textov\u00e9 s\u00fabory, ktor\u00e9 webov\u00e1 str\u00e1nka uklad\u00e1 do zariadenia pou\u017e\u00edvate\u013ea (po\u010d\u00edta\u010d, tablet, mobil), ke\u010f ju nav\u0161t\u00edvi. Umo\u017e\u0148uj\u00fa str\u00e1nke zapam\u00e4ta\u0165 si inform\u00e1cie o va\u0161ej n\u00e1v\u0161teve, ako napr\u00edklad [&hellip;]","og_url":"https:\/\/ps-mont.de\/podmienky-pouzivania-suborov-cookies\/","og_site_name":"PS MONT DE, s. r. o.","article_modified_time":"2025-11-05T18:54:11+00:00","twitter_card":"summary_large_image","twitter_misc":{"Predpokladan\u00fd \u010das \u010d\u00edtania":"3 min\u00faty"},"schema":{"@context":"https:\/\/schema.org","@graph":[{"@type":"WebPage","@id":"https:\/\/ps-mont.de\/podmienky-pouzivania-suborov-cookies\/","url":"https:\/\/ps-mont.de\/podmienky-pouzivania-suborov-cookies\/","name":"Podmienky pou\u017e\u00edvania s\u00faborov cookies - PS MONT DE, s. r. o.","isPartOf":{"@id":"https:\/\/ps-mont.de\/#website"},"datePublished":"2025-11-05T18:53:49+00:00","dateModified":"2025-11-05T18:54:11+00:00","breadcrumb":{"@id":"https:\/\/ps-mont.de\/podmienky-pouzivania-suborov-cookies\/#breadcrumb"},"inLanguage":"sk-SK","potentialAction":[{"@type":"ReadAction","target":["https:\/\/ps-mont.de\/podmienky-pouzivania-suborov-cookies\/"]}]},{"@type":"BreadcrumbList","@id":"https:\/\/ps-mont.de\/podmienky-pouzivania-suborov-cookies\/#breadcrumb","itemListElement":[{"@type":"ListItem","position":1,"name":"Domovsk\u00e1 str\u00e1nka","item":"https:\/\/ps-mont.de\/"},{"@type":"ListItem","position":2,"name":"Podmienky pou\u017e\u00edvania s\u00faborov cookies"}]},{"@type":"WebSite","@id":"https:\/\/ps-mont.de\/#website","url":"https:\/\/ps-mont.de\/","name":"PS MONT DE, s. r. o.","description":"","potentialAction":[{"@type":"SearchAction","target":{"@type":"EntryPoint","urlTemplate":"https:\/\/ps-mont.de\/?s={search_term_string}"},"query-input":{"@type":"PropertyValueSpecification","valueRequired":true,"valueName":"search_term_string"}}],"inLanguage":"sk-SK"}]}},"_links":{"self":[{"href":"https:\/\/ps-mont.de\/sk\/wp-json\/wp\/v2\/pages\/527","targetHints":{"allow":["GET"]}}],"collection":[{"href":"https:\/\/ps-mont.de\/sk\/wp-json\/wp\/v2\/pages"}],"about":[{"href":"https:\/\/ps-mont.de\/sk\/wp-json\/wp\/v2\/types\/page"}],"author":[{"embeddable":true,"href":"https:\/\/ps-mont.de\/sk\/wp-json\/wp\/v2\/users\/1"}],"replies":[{"embeddable":true,"href":"https:\/\/ps-mont.de\/sk\/wp-json\/wp\/v2\/comments?post=527"}],"version-history":[{"count":4,"href":"https:\/\/ps-mont.de\/sk\/wp-json\/wp\/v2\/pages\/527\/revisions"}],"predecessor-version":[{"id":531,"href":"https:\/\/ps-mont.de\/sk\/wp-json\/wp\/v2\/pages\/527\/revisions\/531"}],"wp:attachment":[{"href":"https:\/\/ps-mont.de\/sk\/wp-json\/wp\/v2\/media?parent=527"}],"curies":[{"name":"wp","href":"https:\/\/api.w.org\/{rel}","templated":true}]}}