{"id":251,"date":"2025-04-26T21:08:36","date_gmt":"2025-04-26T19:08:36","guid":{"rendered":"https:\/\/ps-mont.de\/?page_id=251"},"modified":"2026-03-12T11:54:05","modified_gmt":"2026-03-12T10:54:05","slug":"kontakt","status":"publish","type":"page","link":"https:\/\/ps-mont.de\/sk\/kontakt\/","title":{"rendered":"Kontakt"},"content":{"rendered":"\t\t<div data-elementor-type=\"wp-page\" data-elementor-id=\"251\" class=\"elementor elementor-251\" data-elementor-post-type=\"page\">\n\t\t\t\t<div class=\"elementor-element elementor-element-759bee77 e-flex e-con-boxed e-con e-parent\" data-id=\"759bee77\" data-element_type=\"container\" data-settings=\"{&quot;background_background&quot;:&quot;classic&quot;}\">\n\t\t\t\t\t<div class=\"e-con-inner\">\n\t\t<div class=\"elementor-element elementor-element-381ef120 e-flex e-con-boxed e-con e-child\" data-id=\"381ef120\" data-element_type=\"container\">\n\t\t\t\t\t<div class=\"e-con-inner\">\n\t\t\t\t<div class=\"elementor-element elementor-element-5460fa5d elementor-widget elementor-widget-heading\" data-id=\"5460fa5d\" data-element_type=\"widget\" data-widget_type=\"heading.default\">\n\t\t\t\t<div class=\"elementor-widget-container\">\n\t\t\t\t\t<h1 class=\"elementor-heading-title elementor-size-default\">Kontaktujte n\u00e1s<\/h1>\t\t\t\t<\/div>\n\t\t\t\t<\/div>\n\t\t\t\t\t<\/div>\n\t\t\t\t<\/div>\n\t\t\t\t\t<\/div>\n\t\t\t\t<\/div>\n\t\t<div class=\"elementor-element elementor-element-71f3a56a e-flex e-con-boxed e-con e-parent\" data-id=\"71f3a56a\" data-element_type=\"container\">\n\t\t\t\t\t<div class=\"e-con-inner\">\n\t\t<div class=\"elementor-element elementor-element-3fc389ff e-flex e-con-boxed e-con e-child\" data-id=\"3fc389ff\" data-element_type=\"container\">\n\t\t\t\t\t<div class=\"e-con-inner\">\n\t\t\t\t<div class=\"elementor-element elementor-element-123bf753 elementor-widget elementor-widget-heading\" data-id=\"123bf753\" data-element_type=\"widget\" data-widget_type=\"heading.default\">\n\t\t\t\t<div class=\"elementor-widget-container\">\n\t\t\t\t\t<h2 class=\"elementor-heading-title elementor-size-default\">Zaujali v\u00e1s na\u0161e slu\u017eby?\nNev\u00e1hajte n\u00e1s kontaktova\u0165.<\/h2>\t\t\t\t<\/div>\n\t\t\t\t<\/div>\n\t\t\t\t\t<\/div>\n\t\t\t\t<\/div>\n\t\t<div class=\"elementor-element elementor-element-416d33a0 e-con-full e-flex e-con e-child\" data-id=\"416d33a0\" data-element_type=\"container\">\n\t\t<div class=\"elementor-element elementor-element-4c13f4c1 e-flex e-con-boxed e-con e-child\" data-id=\"4c13f4c1\" data-element_type=\"container\" data-settings=\"{&quot;background_background&quot;:&quot;classic&quot;}\">\n\t\t\t\t\t<div class=\"e-con-inner\">\n\t\t<div class=\"elementor-element elementor-element-2731c221 e-con-full e-flex e-con e-child\" data-id=\"2731c221\" data-element_type=\"container\">\n\t\t\t\t<div class=\"elementor-element elementor-element-31fb3fe5 elementor-view-stacked elementor-position-left elementor-shape-circle elementor-mobile-position-top elementor-widget elementor-widget-icon-box\" data-id=\"31fb3fe5\" data-element_type=\"widget\" data-widget_type=\"icon-box.default\">\n\t\t\t\t<div class=\"elementor-widget-container\">\n\t\t\t\t\t\t\t<div class=\"elementor-icon-box-wrapper\">\n\n\t\t\t\t\t\t<div class=\"elementor-icon-box-icon\">\n\t\t\t\t<span  class=\"elementor-icon\">\n\t\t\t\t<svg aria-hidden=\"true\" class=\"e-font-icon-svg e-fas-map-marker-alt\" viewBox=\"0 0 384 512\" xmlns=\"http:\/\/www.w3.org\/2000\/svg\"><path d=\"M172.268 501.67C26.97 291.031 0 269.413 0 192 0 85.961 85.961 0 192 0s192 85.961 192 192c0 77.413-26.97 99.031-172.268 309.67-9.535 13.774-29.93 13.773-39.464 0zM192 272c44.183 0 80-35.817 80-80s-35.817-80-80-80-80 35.817-80 80 35.817 80 80 80z\"><\/path><\/svg>\t\t\t\t<\/span>\n\t\t\t<\/div>\n\t\t\t\n\t\t\t\t\t\t<div class=\"elementor-icon-box-content\">\n\n\t\t\t\t\t\t\t\t\t<h5 class=\"elementor-icon-box-title\">\n\t\t\t\t\t\t<span  >\n\t\t\t\t\t\t\t\u00dadaje spolo\u010dnosti\t\t\t\t\t\t<\/span>\n\t\t\t\t\t<\/h5>\n\t\t\t\t\n\t\t\t\t\t\t\t\t\t<p class=\"elementor-icon-box-description\">\n\t\t\t\t\t\tPS MONT DE, s. r. o.<br>\nHrn\u010diarska 2180\/34B<br>091 01 Stropkov<br>Slovensko<br>\nI\u010cO: 55626475\t\t\t\t\t<\/p>\n\t\t\t\t\n\t\t\t<\/div>\n\t\t\t\n\t\t<\/div>\n\t\t\t\t\t\t<\/div>\n\t\t\t\t<\/div>\n\t\t\t\t<\/div>\n\t\t<div class=\"elementor-element elementor-element-32fefc2c e-con-full e-flex e-con e-child\" data-id=\"32fefc2c\" data-element_type=\"container\">\n\t\t\t\t<div class=\"elementor-element elementor-element-4dd6b59b elementor-view-stacked elementor-position-left elementor-shape-circle elementor-mobile-position-top elementor-widget elementor-widget-icon-box\" data-id=\"4dd6b59b\" data-element_type=\"widget\" data-widget_type=\"icon-box.default\">\n\t\t\t\t<div class=\"elementor-widget-container\">\n\t\t\t\t\t\t\t<div class=\"elementor-icon-box-wrapper\">\n\n\t\t\t\t\t\t<div class=\"elementor-icon-box-icon\">\n\t\t\t\t<span  class=\"elementor-icon\">\n\t\t\t\t<svg aria-hidden=\"true\" class=\"e-font-icon-svg e-fas-phone-alt\" viewBox=\"0 0 512 512\" xmlns=\"http:\/\/www.w3.org\/2000\/svg\"><path d=\"M497.39 361.8l-112-48a24 24 0 0 0-28 6.9l-49.6 60.6A370.66 370.66 0 0 1 130.6 204.11l60.6-49.6a23.94 23.94 0 0 0 6.9-28l-48-112A24.16 24.16 0 0 0 122.6.61l-104 24A24 24 0 0 0 0 48c0 256.5 207.9 464 464 464a24 24 0 0 0 23.4-18.6l24-104a24.29 24.29 0 0 0-14.01-27.6z\"><\/path><\/svg>\t\t\t\t<\/span>\n\t\t\t<\/div>\n\t\t\t\n\t\t\t\t\t\t<div class=\"elementor-icon-box-content\">\n\n\t\t\t\t\t\t\t\t\t<h5 class=\"elementor-icon-box-title\">\n\t\t\t\t\t\t<span  >\n\t\t\t\t\t\t\tZavolajte n\u00e1m\t\t\t\t\t\t<\/span>\n\t\t\t\t\t<\/h5>\n\t\t\t\t\n\t\t\t\t\t\t\t\t\t<p class=\"elementor-icon-box-description\">\n\t\t\t\t\t\tPasni\u0161in: +421 904 180 766<br>\nMa\u013eak: :+421 948 795 407\t\t\t\t\t<\/p>\n\t\t\t\t\n\t\t\t<\/div>\n\t\t\t\n\t\t<\/div>\n\t\t\t\t\t\t<\/div>\n\t\t\t\t<\/div>\n\t\t\t\t<\/div>\n\t\t<div class=\"elementor-element elementor-element-1a78ed5b e-con-full e-flex e-con e-child\" data-id=\"1a78ed5b\" data-element_type=\"container\">\n\t\t\t\t<div class=\"elementor-element elementor-element-773c345e elementor-view-stacked elementor-position-left elementor-shape-circle elementor-mobile-position-top elementor-widget elementor-widget-icon-box\" data-id=\"773c345e\" data-element_type=\"widget\" data-widget_type=\"icon-box.default\">\n\t\t\t\t<div class=\"elementor-widget-container\">\n\t\t\t\t\t\t\t<div class=\"elementor-icon-box-wrapper\">\n\n\t\t\t\t\t\t<div class=\"elementor-icon-box-icon\">\n\t\t\t\t<span  class=\"elementor-icon\">\n\t\t\t\t<svg aria-hidden=\"true\" class=\"e-font-icon-svg e-fas-envelope\" viewBox=\"0 0 512 512\" xmlns=\"http:\/\/www.w3.org\/2000\/svg\"><path d=\"M502.3 190.8c3.9-3.1 9.7-.2 9.7 4.7V400c0 26.5-21.5 48-48 48H48c-26.5 0-48-21.5-48-48V195.6c0-5 5.7-7.8 9.7-4.7 22.4 17.4 52.1 39.5 154.1 113.6 21.1 15.4 56.7 47.8 92.2 47.6 35.7.3 72-32.8 92.3-47.6 102-74.1 131.6-96.3 154-113.7zM256 320c23.2.4 56.6-29.2 73.4-41.4 132.7-96.3 142.8-104.7 173.4-128.7 5.8-4.5 9.2-11.5 9.2-18.9v-19c0-26.5-21.5-48-48-48H48C21.5 64 0 85.5 0 112v19c0 7.4 3.4 14.3 9.2 18.9 30.6 23.9 40.7 32.4 173.4 128.7 16.8 12.2 50.2 41.8 73.4 41.4z\"><\/path><\/svg>\t\t\t\t<\/span>\n\t\t\t<\/div>\n\t\t\t\n\t\t\t\t\t\t<div class=\"elementor-icon-box-content\">\n\n\t\t\t\t\t\t\t\t\t<h5 class=\"elementor-icon-box-title\">\n\t\t\t\t\t\t<span  >\n\t\t\t\t\t\t\tNap\u00ed\u0161te n\u00e1m\t\t\t\t\t\t<\/span>\n\t\t\t\t\t<\/h5>\n\t\t\t\t\n\t\t\t\t\t\t\t\t\t<p class=\"elementor-icon-box-description\">\n\t\t\t\t\t\tPeter Pasni\u0161in: \npasnisin@infops-monte.de<br>\nSilvia Ma\u013eak: \nmalak@arbeitbau-info.de\n\t\t\t\t\t<\/p>\n\t\t\t\t\n\t\t\t<\/div>\n\t\t\t\n\t\t<\/div>\n\t\t\t\t\t\t<\/div>\n\t\t\t\t<\/div>\n\t\t\t\t<\/div>\n\t\t\t\t\t<\/div>\n\t\t\t\t<\/div>\n\t\t<div class=\"elementor-element elementor-element-519e196c e-flex e-con-boxed e-con e-child\" data-id=\"519e196c\" data-element_type=\"container\" data-settings=\"{&quot;background_background&quot;:&quot;classic&quot;}\">\n\t\t\t\t\t<div class=\"e-con-inner\">\n\t\t\t\t<div class=\"elementor-element elementor-element-7939ec0 elementor-widget elementor-widget-shortcode\" data-id=\"7939ec0\" data-element_type=\"widget\" data-widget_type=\"shortcode.default\">\n\t\t\t\t<div class=\"elementor-widget-container\">\n\t\t\t\t\t\t\t<div class=\"elementor-shortcode\">\n            <div \n                class=\"elfsight-widget-contact-form elfsight-widget\" \n                data-elfsight-contact-form-options=\"%7B%22ei%22%3A%22%22%2C%22fields%22%3A%5B%7B%22type%22%3A%22text%22%2C%22placeholder%22%3A%22J%5Cu00e1n%20Nov%5Cu00e1k%22%2C%22description%22%3A%22%22%2C%22label%22%3A%22Va%5Cu0161e%20meno%22%2C%22required%22%3Afalse%2C%22columnWidth%22%3A50%2C%22id%22%3A%22%5Bva%5Cu0161e-meno%5D%22%7D%2C%7B%22type%22%3A%22email%22%2C%22label%22%3A%22Email%22%2C%22description%22%3A%22%22%2C%22placeholder%22%3A%22jan%40novak.sk%22%2C%22required%22%3Atrue%2C%22columnWidth%22%3A50%2C%22id%22%3A%22%5Bemail%5D%22%7D%2C%7B%22type%22%3A%22phone%22%2C%22label%22%3A%22Mobil%22%2C%22placeholder%22%3A%220900%20000%20000%22%2C%22description%22%3A%22%22%2C%22required%22%3Afalse%2C%22columnWidth%22%3A50%2C%22id%22%3A%22%5Bmobil%5D%22%7D%2C%7B%22type%22%3A%22textarea%22%2C%22label%22%3A%22Va%5Cu0161a%20spr%5Cu00e1va%22%2C%22description%22%3A%22%22%2C%22placeholder%22%3A%22Va%5Cu0161a%20spr%5Cu00e1va%20alebo%20ot%5Cu00e1zka%22%2C%22required%22%3Atrue%2C%22columnWidth%22%3A100%2C%22id%22%3A%22%5Bva%5Cu0161a-spr%5Cu00e1va%5D%22%7D%2C%7B%22type%22%3A%22checkbox%22%2C%22label%22%3A%22%22%2C%22name%22%3A%22%22%2C%22placeholder%22%3A%22%22%2C%22options%22%3A%22%3Ca%20href%3D%5C%22https%3A%5C%2F%5C%2Fps-mont.de%5C%2Fochrana-osobnych-udajov%5C%2F%5C%22%3EOdoslan%5Cu00edm%20s%5Cu00fahlas%5Cu00edm%20so%20spracovan%5Cu00edm%20osobn%5Cu00fdch%20%5Cu00fadajov.%3C%5C%2Fa%3E%22%2C%22scaleNumbersMin%22%3A1%2C%22scaleNumbersMax%22%3A10%2C%22leftCaption%22%3A%22Not%20likely%22%2C%22rightCaption%22%3A%22Very%20likely%22%2C%22fileLinkCaption%22%3A%22Choose%20file%22%2C%22fileDragCaption%22%3A%22or%20drag%20%26%20drop%20here%22%2C%22text%22%3A%22Text%22%2C%22title%22%3A%22Heading%22%2C%22caption%22%3A%22%22%2C%22value%22%3A%22%22%2C%22labelText%22%3A%22Label%22%2C%22dateTime%22%3A%22date%22%2C%22dateFormat%22%3A%22d.m.Y%22%2C%22timeFormat%22%3A%22H%3Ai%22%2C%22starsCount%22%3A5%2C%22required%22%3Atrue%2C%22description%22%3A%22%22%2C%22columnWidth%22%3A100%2C%22elementColumnWidth%22%3A100%2C%22fileAllowedAll%22%3Atrue%2C%22fileAllowed%22%3A%5B%22.jpg%22%2C%22.jpeg%22%2C%22.png%22%2C%22.gif%22%2C%22.txt%22%2C%22.pdf%22%2C%22.doc%22%2C%22.docx%22%2C%22.pages%22%2C%22.numbers%22%2C%22.xls%22%2C%22.xlsx%22%2C%22.odt%22%2C%22.ppt%22%2C%22.pptx%22%2C%22.pps%22%2C%22.ppsx%22%2C%22.html%22%5D%2C%22fileMax%22%3A25%2C%22fields%22%3A%22%22%2C%22id%22%3A%22%5B%5D%22%7D%5D%2C%22headerActive%22%3Afalse%2C%22headerTitle%22%3A%22Get%20in%20Touch%22%2C%22headerText%22%3A%22Leave%20your%20message%20and%20we%27ll%20get%20back%20to%20you%20shortly.%22%2C%22headerPictureUrl%22%3A%22message%22%2C%22footerText%22%3A%22%22%2C%22actionAfterSubmit%22%3A%22message%22%2C%22successMessage%22%3A%22Va%5Cu0161a%20spr%5Cu00e1va%20bola%20%5Cu00faspe%5Cu0161ne%20odoslan%5Cu00e1%21%20%5Cu010coskoro%20v%5Cu00e1m%20odpovieme.%3Cbr%3E%22%2C%22successContinueText%22%3A%22OK%22%2C%22redirectUrl%22%3A%22https%3A%5C%2F%5C%2Fexample.com%22%2C%22submitText%22%3A%22Odosla%5Cu0165%22%2C%22stepsMessagesDivider%22%3Anull%2C%22stepsMessagesTitle%22%3Anull%2C%22stepsText%22%3A%22step%20%251%20of%20%252%22%2C%22stepBackText%22%3A%22Back%22%2C%22stepNextText%22%3A%22Next%22%2C%22errorMessageAllRequired%22%3A%22Vypl%5Cu0148te%20pros%5Cu00edm%20v%5Cu0161etky%20povinn%5Cu00e9%20polia%22%2C%22errorMessageAllIncorrect%22%3A%22Pros%5Cu00edm%2C%20vypl%5Cu0148te%20v%5Cu0161etky%20polia%20spr%5Cu00e1vne%22%2C%22errorMessageSetMailTo%22%3A%22Pros%5Cu00edm%2C%20nastavte%20email%2C%20na%20ktor%5Cu00fd%20sa%20maj%5Cu00fa%20posiela%5Cu0165%20spr%5Cu00e1vy%22%2C%22errorMessageRequiredCaptcha%22%3A%22Pros%5Cu00edm%2C%20zadajte%20captcha%22%2C%22errorMessageFileSizeLimit%22%3A%22Bol%20prekro%5Cu010den%5Cu00fd%20limit%20ve%5Cu013ekosti%20s%5Cu00faboru%22%2C%22errorMessageFileNotAllowed%22%3A%22File%20extension%20not%20allowed%22%2C%22errorMessageUnknown%22%3A%22Chyba%22%2C%22errorMessageRequired%22%3A%22Povinn%5Cu00e9%20pole%22%2C%22errorMessageInvalid%22%3A%22Chyba%22%2C%22errorMessageInvalidEmail%22%3A%22Chybn%5Cu00fd%20email%22%2C%22errorMessageInvalidPhone%22%3A%22Chybn%5Cu00e9%20tel.%20%5Cu010d%5Cu00edslo%22%2C%22errorMessageInvalidUrl%22%3A%22Invalid%20URL%22%2C%22calendarWeekdaysShorthand%22%3A%22Sun%5CnMon%5CnTue%5CnWed%5CnThu%5CnFri%5CnSat%22%2C%22calendarMonthsLonghand%22%3A%22January%5CnFebruary%5CnMarch%5CnApril%5CnMay%5CnJune%5CnJuly%5CnAugust%5CnSeptember%5CnOctober%5CnNovember%5CnDecember%22%2C%22showProgress%22%3Atrue%2C%22recaptchaType%22%3A%22invisible%22%2C%22integrationsGoogleToken%22%3A%22%22%2C%22integrationsGoogleSheetId%22%3A%22%22%2C%22layout%22%3A%22default%22%2C%22floatingIcon%22%3A%22message%22%2C%22floatingText%22%3A%22%22%2C%22floatingPosition%22%3A%22right%22%2C%22width%22%3A%22580%22%2C%22style%22%3A%22classic%22%2C%22mainColor%22%3A%22rgba%2828%2C%20145%2C%20255%2C%201%29%22%2C%22apiUrl%22%3A%22https%3A%5C%2F%5C%2Fps-mont.de%5C%2Fsk%5C%2Fwp-json%5C%2Felfsight-contact-form%5C%2Fapi%22%2C%22recaptchaKeyCheckbox%22%3A%226LfXGHgUAAAAAHNIE_EH7kEI1l4xvf_ynIlg5bfo%22%2C%22recaptchaKeyInvisible%22%3A%226Ld1CXgUAAAAAFTHmixC1Eo-NP7_3ddB1YOj9AfX%22%2C%22widgetId%22%3A%221%22%7D\" \n                data-elfsight-contact-form-version=\"2.3.1\"\n                data-elfsight-widget-id=\"elfsight-contact-form-1\">\n            <\/div>\n            <\/div>\n\t\t\t\t\t\t<\/div>\n\t\t\t\t<\/div>\n\t\t\t\t\t<\/div>\n\t\t\t\t<\/div>\n\t\t\t\t<\/div>\n\t\t\t\t\t<\/div>\n\t\t\t\t<\/div>\n\t\t\t\t<\/div>\n\t\t","protected":false},"excerpt":{"rendered":"<p>Kontaktujte n\u00e1s Zaujali v\u00e1s na\u0161e slu\u017eby? Nev\u00e1hajte n\u00e1s kontaktova\u0165. \u00dadaje spolo\u010dnosti PS MONT DE, s. r. o. Hrn\u010diarska 2180\/34B091 01 StropkovSlovensko I\u010cO: 55626475 Zavolajte n\u00e1m Pasni\u0161in: +421 904 180 766 Ma\u013eak: :+421 948 795 407 Nap\u00ed\u0161te n\u00e1m Peter Pasni\u0161in: pasnisin@infops-monte.de Silvia Ma\u013eak: malak@arbeitbau-info.de<\/p>\n","protected":false},"author":1,"featured_media":0,"parent":0,"menu_order":0,"comment_status":"closed","ping_status":"closed","template":"elementor_header_footer","meta":{"footnotes":""},"class_list":["post-251","page","type-page","status-publish","hentry"],"yoast_head":"<!-- This site is optimized with the Yoast SEO plugin v24.4 - https:\/\/yoast.com\/wordpress\/plugins\/seo\/ -->\n<title>Kontakt - PS MONT DE, s. r. o.<\/title>\n<meta name=\"robots\" content=\"index, follow, max-snippet:-1, max-image-preview:large, max-video-preview:-1\" \/>\n<link rel=\"canonical\" href=\"https:\/\/ps-mont.de\/kontakt\/\" \/>\n<meta property=\"og:locale\" content=\"sk_SK\" \/>\n<meta property=\"og:type\" content=\"article\" \/>\n<meta property=\"og:title\" content=\"Kontakt - PS MONT DE, s. r. o.\" \/>\n<meta property=\"og:description\" content=\"Kontaktujte n\u00e1s Zaujali v\u00e1s na\u0161e slu\u017eby? Nev\u00e1hajte n\u00e1s kontaktova\u0165. \u00dadaje spolo\u010dnosti PS MONT DE, s. r. o. Hrn\u010diarska 2180\/34B091 01 StropkovSlovensko I\u010cO: 55626475 Zavolajte n\u00e1m Pasni\u0161in: +421 904 180 766 Ma\u013eak: :+421 948 795 407 Nap\u00ed\u0161te n\u00e1m Peter Pasni\u0161in: pasnisin@infops-monte.de Silvia Ma\u013eak: malak@arbeitbau-info.de\" \/>\n<meta property=\"og:url\" content=\"https:\/\/ps-mont.de\/kontakt\/\" \/>\n<meta property=\"og:site_name\" content=\"PS MONT DE, s. r. o.\" \/>\n<meta property=\"article:modified_time\" content=\"2026-03-12T10:54:05+00:00\" \/>\n<meta name=\"twitter:card\" content=\"summary_large_image\" \/>\n<meta name=\"twitter:label1\" content=\"Predpokladan\u00fd \u010das \u010d\u00edtania\" \/>\n\t<meta name=\"twitter:data1\" content=\"1 min\u00fata\" \/>\n<script type=\"application\/ld+json\" class=\"yoast-schema-graph\">{\"@context\":\"https:\/\/schema.org\",\"@graph\":[{\"@type\":\"WebPage\",\"@id\":\"https:\/\/ps-mont.de\/kontakt\/\",\"url\":\"https:\/\/ps-mont.de\/kontakt\/\",\"name\":\"Kontakt - PS MONT DE, s. r. o.\",\"isPartOf\":{\"@id\":\"https:\/\/ps-mont.de\/#website\"},\"datePublished\":\"2025-04-26T19:08:36+00:00\",\"dateModified\":\"2026-03-12T10:54:05+00:00\",\"breadcrumb\":{\"@id\":\"https:\/\/ps-mont.de\/kontakt\/#breadcrumb\"},\"inLanguage\":\"sk-SK\",\"potentialAction\":[{\"@type\":\"ReadAction\",\"target\":[\"https:\/\/ps-mont.de\/kontakt\/\"]}]},{\"@type\":\"BreadcrumbList\",\"@id\":\"https:\/\/ps-mont.de\/kontakt\/#breadcrumb\",\"itemListElement\":[{\"@type\":\"ListItem\",\"position\":1,\"name\":\"Domovsk\u00e1 str\u00e1nka\",\"item\":\"https:\/\/ps-mont.de\/\"},{\"@type\":\"ListItem\",\"position\":2,\"name\":\"Kontakt\"}]},{\"@type\":\"WebSite\",\"@id\":\"https:\/\/ps-mont.de\/#website\",\"url\":\"https:\/\/ps-mont.de\/\",\"name\":\"PS MONT DE, s. r. o.\",\"description\":\"\",\"potentialAction\":[{\"@type\":\"SearchAction\",\"target\":{\"@type\":\"EntryPoint\",\"urlTemplate\":\"https:\/\/ps-mont.de\/?s={search_term_string}\"},\"query-input\":{\"@type\":\"PropertyValueSpecification\",\"valueRequired\":true,\"valueName\":\"search_term_string\"}}],\"inLanguage\":\"sk-SK\"}]}<\/script>\n<!-- \/ Yoast SEO plugin. -->","yoast_head_json":{"title":"Kontakt - PS MONT DE, s. r. o.","robots":{"index":"index","follow":"follow","max-snippet":"max-snippet:-1","max-image-preview":"max-image-preview:large","max-video-preview":"max-video-preview:-1"},"canonical":"https:\/\/ps-mont.de\/kontakt\/","og_locale":"sk_SK","og_type":"article","og_title":"Kontakt - PS MONT DE, s. r. o.","og_description":"Kontaktujte n\u00e1s Zaujali v\u00e1s na\u0161e slu\u017eby? Nev\u00e1hajte n\u00e1s kontaktova\u0165. \u00dadaje spolo\u010dnosti PS MONT DE, s. r. o. Hrn\u010diarska 2180\/34B091 01 StropkovSlovensko I\u010cO: 55626475 Zavolajte n\u00e1m Pasni\u0161in: +421 904 180 766 Ma\u013eak: :+421 948 795 407 Nap\u00ed\u0161te n\u00e1m Peter Pasni\u0161in: pasnisin@infops-monte.de Silvia Ma\u013eak: malak@arbeitbau-info.de","og_url":"https:\/\/ps-mont.de\/kontakt\/","og_site_name":"PS MONT DE, s. r. o.","article_modified_time":"2026-03-12T10:54:05+00:00","twitter_card":"summary_large_image","twitter_misc":{"Predpokladan\u00fd \u010das \u010d\u00edtania":"1 min\u00fata"},"schema":{"@context":"https:\/\/schema.org","@graph":[{"@type":"WebPage","@id":"https:\/\/ps-mont.de\/kontakt\/","url":"https:\/\/ps-mont.de\/kontakt\/","name":"Kontakt - PS MONT DE, s. r. o.","isPartOf":{"@id":"https:\/\/ps-mont.de\/#website"},"datePublished":"2025-04-26T19:08:36+00:00","dateModified":"2026-03-12T10:54:05+00:00","breadcrumb":{"@id":"https:\/\/ps-mont.de\/kontakt\/#breadcrumb"},"inLanguage":"sk-SK","potentialAction":[{"@type":"ReadAction","target":["https:\/\/ps-mont.de\/kontakt\/"]}]},{"@type":"BreadcrumbList","@id":"https:\/\/ps-mont.de\/kontakt\/#breadcrumb","itemListElement":[{"@type":"ListItem","position":1,"name":"Domovsk\u00e1 str\u00e1nka","item":"https:\/\/ps-mont.de\/"},{"@type":"ListItem","position":2,"name":"Kontakt"}]},{"@type":"WebSite","@id":"https:\/\/ps-mont.de\/#website","url":"https:\/\/ps-mont.de\/","name":"PS MONT DE, s. r. o.","description":"","potentialAction":[{"@type":"SearchAction","target":{"@type":"EntryPoint","urlTemplate":"https:\/\/ps-mont.de\/?s={search_term_string}"},"query-input":{"@type":"PropertyValueSpecification","valueRequired":true,"valueName":"search_term_string"}}],"inLanguage":"sk-SK"}]}},"_links":{"self":[{"href":"https:\/\/ps-mont.de\/sk\/wp-json\/wp\/v2\/pages\/251","targetHints":{"allow":["GET"]}}],"collection":[{"href":"https:\/\/ps-mont.de\/sk\/wp-json\/wp\/v2\/pages"}],"about":[{"href":"https:\/\/ps-mont.de\/sk\/wp-json\/wp\/v2\/types\/page"}],"author":[{"embeddable":true,"href":"https:\/\/ps-mont.de\/sk\/wp-json\/wp\/v2\/users\/1"}],"replies":[{"embeddable":true,"href":"https:\/\/ps-mont.de\/sk\/wp-json\/wp\/v2\/comments?post=251"}],"version-history":[{"count":34,"href":"https:\/\/ps-mont.de\/sk\/wp-json\/wp\/v2\/pages\/251\/revisions"}],"predecessor-version":[{"id":2603,"href":"https:\/\/ps-mont.de\/sk\/wp-json\/wp\/v2\/pages\/251\/revisions\/2603"}],"wp:attachment":[{"href":"https:\/\/ps-mont.de\/sk\/wp-json\/wp\/v2\/media?parent=251"}],"curies":[{"name":"wp","href":"https:\/\/api.w.org\/{rel}","templated":true}]}}