{"id":218,"date":"2025-04-26T21:01:11","date_gmt":"2025-04-26T19:01:11","guid":{"rendered":"https:\/\/ps-mont.de\/?page_id=218"},"modified":"2025-11-05T20:00:38","modified_gmt":"2025-11-05T19:00:38","slug":"zvaracske-prace","status":"publish","type":"page","link":"https:\/\/ps-mont.de\/sk\/zvaracske-prace\/","title":{"rendered":"Zv\u00e1ra\u010dsk\u00e9 pr\u00e1ce"},"content":{"rendered":"\t\t<div data-elementor-type=\"wp-page\" data-elementor-id=\"218\" class=\"elementor elementor-218\" data-elementor-post-type=\"page\">\n\t\t\t\t<div class=\"elementor-element elementor-element-2690ca e-flex e-con-boxed e-con e-parent\" data-id=\"2690ca\" data-element_type=\"container\" data-settings=\"{&quot;background_background&quot;:&quot;classic&quot;}\">\n\t\t\t\t\t<div class=\"e-con-inner\">\n\t\t<div class=\"elementor-element elementor-element-4c66a917 e-flex e-con-boxed e-con e-child\" data-id=\"4c66a917\" data-element_type=\"container\">\n\t\t\t\t\t<div class=\"e-con-inner\">\n\t\t\t\t<div class=\"elementor-element elementor-element-3a3aadc1 elementor-widget elementor-widget-heading\" data-id=\"3a3aadc1\" data-element_type=\"widget\" data-widget_type=\"heading.default\">\n\t\t\t\t<div class=\"elementor-widget-container\">\n\t\t\t\t\t<h1 class=\"elementor-heading-title elementor-size-default\">Zv\u00e1ra\u010dsk\u00e9 pr\u00e1ce<\/h1>\t\t\t\t<\/div>\n\t\t\t\t<\/div>\n\t\t\t\t\t<\/div>\n\t\t\t\t<\/div>\n\t\t\t\t\t<\/div>\n\t\t\t\t<\/div>\n\t\t<div class=\"elementor-element elementor-element-271b6594 e-flex e-con-boxed e-con e-parent\" data-id=\"271b6594\" data-element_type=\"container\">\n\t\t\t\t\t<div class=\"e-con-inner\">\n\t\t<div class=\"elementor-element elementor-element-1803b277 e-flex e-con-boxed e-con e-child\" data-id=\"1803b277\" data-element_type=\"container\">\n\t\t\t\t\t<div class=\"e-con-inner\">\n\t\t<div class=\"elementor-element elementor-element-2106454f e-flex e-con-boxed e-con e-child\" data-id=\"2106454f\" data-element_type=\"container\">\n\t\t\t\t\t<div class=\"e-con-inner\">\n\t\t\t\t<div class=\"elementor-element elementor-element-33856a7a elementor-widget elementor-widget-text-editor\" data-id=\"33856a7a\" data-element_type=\"widget\" data-widget_type=\"text-editor.default\">\n\t\t\t\t<div class=\"elementor-widget-container\">\n\t\t\t\t\t\t\t\t\t<p class=\"\" data-start=\"1027\" data-end=\"1405\">Poskytujeme profesion\u00e1lne zv\u00e1ra\u010dsk\u00e9 slu\u017eby zameran\u00e9 na stavebn\u00e9, technologick\u00e9 a priemyseln\u00e9 projekty r\u00f4zneho rozsahu. \u0160pecializujeme sa na zv\u00e1ranie oce\u013eov\u00fdch a nerezov\u00fdch materi\u00e1lov, potrubn\u00fdch syst\u00e9mov, nosn\u00fdch kon\u0161trukci\u00ed a technologick\u00fdch rozvodov pre automatizovan\u00e9 linky a zariadenia.<br \/><br data-start=\"2796\" data-end=\"2799\" \/>Na\u0161a pr\u00e1ca sp\u013a\u0148a pr\u00edsne kvalitat\u00edvne a bezpe\u010dnostn\u00e9 \u0161tandardy, pri\u010dom vyu\u017e\u00edvame r\u00f4zne met\u00f3dy zv\u00e1rania vr\u00e1tane TIG, MIG\/MAG a elektr\u00f3dov\u00e9ho zv\u00e1rania. Ka\u017ed\u00fd zvar vykon\u00e1vame s maxim\u00e1lnou presnos\u0165ou a d\u00f4razom na pevnos\u0165 a trv\u00e1cnos\u0165 spojov. Svojou prec\u00edznos\u0165ou a d\u00f4slednos\u0165ou zabezpe\u010dujeme, \u017ee na\u0161e zv\u00e1ra\u010dsk\u00e9 rie\u0161enia bez probl\u00e9mov odol\u00e1vaj\u00fa aj n\u00e1ro\u010dn\u00fdm prev\u00e1dzkov\u00fdm podmienkam a dlhodobo plnia svoje funkcie.<\/p>\t\t\t\t\t\t\t\t<\/div>\n\t\t\t\t<\/div>\n\t\t\t\t<div class=\"elementor-element elementor-element-83353b4 elementor-widget elementor-widget-gallery\" data-id=\"83353b4\" data-element_type=\"widget\" data-settings=\"{&quot;lazyload&quot;:&quot;yes&quot;,&quot;gallery_layout&quot;:&quot;grid&quot;,&quot;columns&quot;:4,&quot;columns_tablet&quot;:2,&quot;columns_mobile&quot;:1,&quot;gap&quot;:{&quot;unit&quot;:&quot;px&quot;,&quot;size&quot;:10,&quot;sizes&quot;:[]},&quot;gap_tablet&quot;:{&quot;unit&quot;:&quot;px&quot;,&quot;size&quot;:10,&quot;sizes&quot;:[]},&quot;gap_mobile&quot;:{&quot;unit&quot;:&quot;px&quot;,&quot;size&quot;:10,&quot;sizes&quot;:[]},&quot;link_to&quot;:&quot;file&quot;,&quot;aspect_ratio&quot;:&quot;3:2&quot;,&quot;overlay_background&quot;:&quot;yes&quot;,&quot;content_hover_animation&quot;:&quot;fade-in&quot;}\" data-widget_type=\"gallery.default\">\n\t\t\t\t<div class=\"elementor-widget-container\">\n\t\t\t\t\t\t\t<div class=\"elementor-gallery__container\">\n\t\t\t\t\t\t\t<a class=\"e-gallery-item elementor-gallery-item elementor-animated-content\" href=\"https:\/\/ps-mont.de\/wp-content\/uploads\/2025\/05\/IMG-20240220-WA0021.jpg\" data-elementor-open-lightbox=\"yes\" data-elementor-lightbox-slideshow=\"83353b4\" data-elementor-lightbox-title=\"IMG-20240220-WA0021\" data-e-action-hash=\"#elementor-action%3Aaction%3Dlightbox%26settings%3DeyJpZCI6MzM2LCJ1cmwiOiJodHRwczpcL1wvcHMtbW9udC5kZVwvd3AtY29udGVudFwvdXBsb2Fkc1wvMjAyNVwvMDVcL0lNRy0yMDI0MDIyMC1XQTAwMjEuanBnIiwic2xpZGVzaG93IjoiODMzNTNiNCJ9\">\n\t\t\t\t\t<div class=\"e-gallery-image elementor-gallery-item__image\" data-thumbnail=\"https:\/\/ps-mont.de\/wp-content\/uploads\/2025\/05\/IMG-20240220-WA0021-768x576.jpg\" data-width=\"768\" data-height=\"576\" aria-label=\"\" role=\"img\" ><\/div>\n\t\t\t\t\t\t\t\t\t\t\t<div class=\"elementor-gallery-item__overlay\"><\/div>\n\t\t\t\t\t\t\t\t\t\t\t\t\t\t<\/a>\n\t\t\t\t\t\t\t<a class=\"e-gallery-item elementor-gallery-item elementor-animated-content\" href=\"https:\/\/ps-mont.de\/wp-content\/uploads\/2025\/05\/IMG-20240220-WA0020.jpg\" data-elementor-open-lightbox=\"yes\" data-elementor-lightbox-slideshow=\"83353b4\" data-elementor-lightbox-title=\"IMG-20240220-WA0020\" data-e-action-hash=\"#elementor-action%3Aaction%3Dlightbox%26settings%3DeyJpZCI6MzM1LCJ1cmwiOiJodHRwczpcL1wvcHMtbW9udC5kZVwvd3AtY29udGVudFwvdXBsb2Fkc1wvMjAyNVwvMDVcL0lNRy0yMDI0MDIyMC1XQTAwMjAuanBnIiwic2xpZGVzaG93IjoiODMzNTNiNCJ9\">\n\t\t\t\t\t<div class=\"e-gallery-image elementor-gallery-item__image\" data-thumbnail=\"https:\/\/ps-mont.de\/wp-content\/uploads\/2025\/05\/IMG-20240220-WA0020-768x576.jpg\" data-width=\"768\" data-height=\"576\" aria-label=\"\" role=\"img\" ><\/div>\n\t\t\t\t\t\t\t\t\t\t\t<div class=\"elementor-gallery-item__overlay\"><\/div>\n\t\t\t\t\t\t\t\t\t\t\t\t\t\t<\/a>\n\t\t\t\t\t\t\t<a class=\"e-gallery-item elementor-gallery-item elementor-animated-content\" href=\"https:\/\/ps-mont.de\/wp-content\/uploads\/2025\/05\/IMG-20240220-WA0025.jpg\" data-elementor-open-lightbox=\"yes\" data-elementor-lightbox-slideshow=\"83353b4\" data-elementor-lightbox-title=\"IMG-20240220-WA0025\" data-e-action-hash=\"#elementor-action%3Aaction%3Dlightbox%26settings%3DeyJpZCI6MzM5LCJ1cmwiOiJodHRwczpcL1wvcHMtbW9udC5kZVwvd3AtY29udGVudFwvdXBsb2Fkc1wvMjAyNVwvMDVcL0lNRy0yMDI0MDIyMC1XQTAwMjUuanBnIiwic2xpZGVzaG93IjoiODMzNTNiNCJ9\">\n\t\t\t\t\t<div class=\"e-gallery-image elementor-gallery-item__image\" data-thumbnail=\"https:\/\/ps-mont.de\/wp-content\/uploads\/2025\/05\/IMG-20240220-WA0025-768x1024.jpg\" data-width=\"768\" data-height=\"1024\" aria-label=\"\" role=\"img\" ><\/div>\n\t\t\t\t\t\t\t\t\t\t\t<div class=\"elementor-gallery-item__overlay\"><\/div>\n\t\t\t\t\t\t\t\t\t\t\t\t\t\t<\/a>\n\t\t\t\t\t\t\t<a class=\"e-gallery-item elementor-gallery-item elementor-animated-content\" href=\"https:\/\/ps-mont.de\/wp-content\/uploads\/2025\/05\/IMG-20240220-WA0024.jpg\" data-elementor-open-lightbox=\"yes\" data-elementor-lightbox-slideshow=\"83353b4\" data-elementor-lightbox-title=\"IMG-20240220-WA0024\" data-e-action-hash=\"#elementor-action%3Aaction%3Dlightbox%26settings%3DeyJpZCI6MzM4LCJ1cmwiOiJodHRwczpcL1wvcHMtbW9udC5kZVwvd3AtY29udGVudFwvdXBsb2Fkc1wvMjAyNVwvMDVcL0lNRy0yMDI0MDIyMC1XQTAwMjQuanBnIiwic2xpZGVzaG93IjoiODMzNTNiNCJ9\">\n\t\t\t\t\t<div class=\"e-gallery-image elementor-gallery-item__image\" data-thumbnail=\"https:\/\/ps-mont.de\/wp-content\/uploads\/2025\/05\/IMG-20240220-WA0024-768x576.jpg\" data-width=\"768\" data-height=\"576\" aria-label=\"\" role=\"img\" ><\/div>\n\t\t\t\t\t\t\t\t\t\t\t<div class=\"elementor-gallery-item__overlay\"><\/div>\n\t\t\t\t\t\t\t\t\t\t\t\t\t\t<\/a>\n\t\t\t\t\t\t\t<a class=\"e-gallery-item elementor-gallery-item elementor-animated-content\" href=\"https:\/\/ps-mont.de\/wp-content\/uploads\/2025\/05\/IMG-20240208-WA0018.jpg\" data-elementor-open-lightbox=\"yes\" data-elementor-lightbox-slideshow=\"83353b4\" data-elementor-lightbox-title=\"IMG-20240208-WA0018\" data-e-action-hash=\"#elementor-action%3Aaction%3Dlightbox%26settings%3DeyJpZCI6MzIzLCJ1cmwiOiJodHRwczpcL1wvcHMtbW9udC5kZVwvd3AtY29udGVudFwvdXBsb2Fkc1wvMjAyNVwvMDVcL0lNRy0yMDI0MDIwOC1XQTAwMTguanBnIiwic2xpZGVzaG93IjoiODMzNTNiNCJ9\">\n\t\t\t\t\t<div class=\"e-gallery-image elementor-gallery-item__image\" data-thumbnail=\"https:\/\/ps-mont.de\/wp-content\/uploads\/2025\/05\/IMG-20240208-WA0018-768x1024.jpg\" data-width=\"768\" data-height=\"1024\" aria-label=\"\" role=\"img\" ><\/div>\n\t\t\t\t\t\t\t\t\t\t\t<div class=\"elementor-gallery-item__overlay\"><\/div>\n\t\t\t\t\t\t\t\t\t\t\t\t\t\t<\/a>\n\t\t\t\t\t\t\t<a class=\"e-gallery-item elementor-gallery-item elementor-animated-content\" href=\"https:\/\/ps-mont.de\/wp-content\/uploads\/2025\/05\/IMG-20240208-WA0005.jpg\" data-elementor-open-lightbox=\"yes\" data-elementor-lightbox-slideshow=\"83353b4\" data-elementor-lightbox-title=\"IMG-20240208-WA0005\" data-e-action-hash=\"#elementor-action%3Aaction%3Dlightbox%26settings%3DeyJpZCI6MzE2LCJ1cmwiOiJodHRwczpcL1wvcHMtbW9udC5kZVwvd3AtY29udGVudFwvdXBsb2Fkc1wvMjAyNVwvMDVcL0lNRy0yMDI0MDIwOC1XQTAwMDUuanBnIiwic2xpZGVzaG93IjoiODMzNTNiNCJ9\">\n\t\t\t\t\t<div class=\"e-gallery-image elementor-gallery-item__image\" data-thumbnail=\"https:\/\/ps-mont.de\/wp-content\/uploads\/2025\/05\/IMG-20240208-WA0005-768x1024.jpg\" data-width=\"768\" data-height=\"1024\" aria-label=\"\" role=\"img\" ><\/div>\n\t\t\t\t\t\t\t\t\t\t\t<div class=\"elementor-gallery-item__overlay\"><\/div>\n\t\t\t\t\t\t\t\t\t\t\t\t\t\t<\/a>\n\t\t\t\t\t\t\t<a class=\"e-gallery-item elementor-gallery-item elementor-animated-content\" href=\"https:\/\/ps-mont.de\/wp-content\/uploads\/2025\/05\/IMG-20240208-WA0019.jpg\" data-elementor-open-lightbox=\"yes\" data-elementor-lightbox-slideshow=\"83353b4\" data-elementor-lightbox-title=\"IMG-20240208-WA0019\" data-e-action-hash=\"#elementor-action%3Aaction%3Dlightbox%26settings%3DeyJpZCI6MzI0LCJ1cmwiOiJodHRwczpcL1wvcHMtbW9udC5kZVwvd3AtY29udGVudFwvdXBsb2Fkc1wvMjAyNVwvMDVcL0lNRy0yMDI0MDIwOC1XQTAwMTkuanBnIiwic2xpZGVzaG93IjoiODMzNTNiNCJ9\">\n\t\t\t\t\t<div class=\"e-gallery-image elementor-gallery-item__image\" data-thumbnail=\"https:\/\/ps-mont.de\/wp-content\/uploads\/2025\/05\/IMG-20240208-WA0019-768x1024.jpg\" data-width=\"768\" data-height=\"1024\" aria-label=\"\" role=\"img\" ><\/div>\n\t\t\t\t\t\t\t\t\t\t\t<div class=\"elementor-gallery-item__overlay\"><\/div>\n\t\t\t\t\t\t\t\t\t\t\t\t\t\t<\/a>\n\t\t\t\t\t\t\t<a class=\"e-gallery-item elementor-gallery-item elementor-animated-content\" href=\"https:\/\/ps-mont.de\/wp-content\/uploads\/2025\/05\/IMG-20240208-WA0050.jpg\" data-elementor-open-lightbox=\"yes\" data-elementor-lightbox-slideshow=\"83353b4\" data-elementor-lightbox-title=\"IMG-20240208-WA0050\" data-e-action-hash=\"#elementor-action%3Aaction%3Dlightbox%26settings%3DeyJpZCI6MzI1LCJ1cmwiOiJodHRwczpcL1wvcHMtbW9udC5kZVwvd3AtY29udGVudFwvdXBsb2Fkc1wvMjAyNVwvMDVcL0lNRy0yMDI0MDIwOC1XQTAwNTAuanBnIiwic2xpZGVzaG93IjoiODMzNTNiNCJ9\">\n\t\t\t\t\t<div class=\"e-gallery-image elementor-gallery-item__image\" data-thumbnail=\"https:\/\/ps-mont.de\/wp-content\/uploads\/2025\/05\/IMG-20240208-WA0050-768x1024.jpg\" data-width=\"768\" data-height=\"1024\" aria-label=\"\" role=\"img\" ><\/div>\n\t\t\t\t\t\t\t\t\t\t\t<div class=\"elementor-gallery-item__overlay\"><\/div>\n\t\t\t\t\t\t\t\t\t\t\t\t\t\t<\/a>\n\t\t\t\t\t<\/div>\n\t\t\t\t\t<\/div>\n\t\t\t\t<\/div>\n\t\t\t\t\t<\/div>\n\t\t\t\t<\/div>\n\t\t\t\t\t<\/div>\n\t\t\t\t<\/div>\n\t\t\t\t\t<\/div>\n\t\t\t\t<\/div>\n\t\t\t\t<\/div>\n\t\t","protected":false},"excerpt":{"rendered":"<p>Zv\u00e1ra\u010dsk\u00e9 pr\u00e1ce Poskytujeme profesion\u00e1lne zv\u00e1ra\u010dsk\u00e9 slu\u017eby zameran\u00e9 na stavebn\u00e9, technologick\u00e9 a priemyseln\u00e9 projekty r\u00f4zneho rozsahu. \u0160pecializujeme sa na zv\u00e1ranie oce\u013eov\u00fdch a nerezov\u00fdch materi\u00e1lov, potrubn\u00fdch syst\u00e9mov, nosn\u00fdch kon\u0161trukci\u00ed a technologick\u00fdch rozvodov pre automatizovan\u00e9 linky a zariadenia.Na\u0161a pr\u00e1ca sp\u013a\u0148a pr\u00edsne kvalitat\u00edvne a bezpe\u010dnostn\u00e9 \u0161tandardy, pri\u010dom vyu\u017e\u00edvame r\u00f4zne met\u00f3dy zv\u00e1rania vr\u00e1tane TIG, MIG\/MAG a elektr\u00f3dov\u00e9ho zv\u00e1rania. Ka\u017ed\u00fd zvar [&hellip;]<\/p>\n","protected":false},"author":1,"featured_media":0,"parent":0,"menu_order":0,"comment_status":"closed","ping_status":"closed","template":"elementor_header_footer","meta":{"footnotes":""},"class_list":["post-218","page","type-page","status-publish","hentry"],"yoast_head":"<!-- This site is optimized with the Yoast SEO plugin v24.4 - https:\/\/yoast.com\/wordpress\/plugins\/seo\/ -->\n<title>Zv\u00e1ra\u010dsk\u00e9 pr\u00e1ce - PS MONT DE, s. r. o.<\/title>\n<meta name=\"robots\" content=\"index, follow, max-snippet:-1, max-image-preview:large, max-video-preview:-1\" \/>\n<link rel=\"canonical\" href=\"https:\/\/ps-mont.de\/zvaracske-prace\/\" \/>\n<meta property=\"og:locale\" content=\"sk_SK\" \/>\n<meta property=\"og:type\" content=\"article\" \/>\n<meta property=\"og:title\" content=\"Zv\u00e1ra\u010dsk\u00e9 pr\u00e1ce - PS MONT DE, s. r. o.\" \/>\n<meta property=\"og:description\" content=\"Zv\u00e1ra\u010dsk\u00e9 pr\u00e1ce Poskytujeme profesion\u00e1lne zv\u00e1ra\u010dsk\u00e9 slu\u017eby zameran\u00e9 na stavebn\u00e9, technologick\u00e9 a priemyseln\u00e9 projekty r\u00f4zneho rozsahu. \u0160pecializujeme sa na zv\u00e1ranie oce\u013eov\u00fdch a nerezov\u00fdch materi\u00e1lov, potrubn\u00fdch syst\u00e9mov, nosn\u00fdch kon\u0161trukci\u00ed a technologick\u00fdch rozvodov pre automatizovan\u00e9 linky a zariadenia.Na\u0161a pr\u00e1ca sp\u013a\u0148a pr\u00edsne kvalitat\u00edvne a bezpe\u010dnostn\u00e9 \u0161tandardy, pri\u010dom vyu\u017e\u00edvame r\u00f4zne met\u00f3dy zv\u00e1rania vr\u00e1tane TIG, MIG\/MAG a elektr\u00f3dov\u00e9ho zv\u00e1rania. Ka\u017ed\u00fd zvar [&hellip;]\" \/>\n<meta property=\"og:url\" content=\"https:\/\/ps-mont.de\/zvaracske-prace\/\" \/>\n<meta property=\"og:site_name\" content=\"PS MONT DE, s. r. o.\" \/>\n<meta property=\"article:modified_time\" content=\"2025-11-05T19:00:38+00:00\" \/>\n<meta name=\"twitter:card\" content=\"summary_large_image\" \/>\n<meta name=\"twitter:label1\" content=\"Predpokladan\u00fd \u010das \u010d\u00edtania\" \/>\n\t<meta name=\"twitter:data1\" content=\"1 min\u00fata\" \/>\n<script type=\"application\/ld+json\" class=\"yoast-schema-graph\">{\"@context\":\"https:\/\/schema.org\",\"@graph\":[{\"@type\":\"WebPage\",\"@id\":\"https:\/\/ps-mont.de\/zvaracske-prace\/\",\"url\":\"https:\/\/ps-mont.de\/zvaracske-prace\/\",\"name\":\"Zv\u00e1ra\u010dsk\u00e9 pr\u00e1ce - PS MONT DE, s. r. o.\",\"isPartOf\":{\"@id\":\"https:\/\/ps-mont.de\/#website\"},\"datePublished\":\"2025-04-26T19:01:11+00:00\",\"dateModified\":\"2025-11-05T19:00:38+00:00\",\"breadcrumb\":{\"@id\":\"https:\/\/ps-mont.de\/zvaracske-prace\/#breadcrumb\"},\"inLanguage\":\"sk-SK\",\"potentialAction\":[{\"@type\":\"ReadAction\",\"target\":[\"https:\/\/ps-mont.de\/zvaracske-prace\/\"]}]},{\"@type\":\"BreadcrumbList\",\"@id\":\"https:\/\/ps-mont.de\/zvaracske-prace\/#breadcrumb\",\"itemListElement\":[{\"@type\":\"ListItem\",\"position\":1,\"name\":\"Domovsk\u00e1 str\u00e1nka\",\"item\":\"https:\/\/ps-mont.de\/\"},{\"@type\":\"ListItem\",\"position\":2,\"name\":\"Zv\u00e1ra\u010dsk\u00e9 pr\u00e1ce\"}]},{\"@type\":\"WebSite\",\"@id\":\"https:\/\/ps-mont.de\/#website\",\"url\":\"https:\/\/ps-mont.de\/\",\"name\":\"PS MONT DE, s. r. o.\",\"description\":\"\",\"potentialAction\":[{\"@type\":\"SearchAction\",\"target\":{\"@type\":\"EntryPoint\",\"urlTemplate\":\"https:\/\/ps-mont.de\/?s={search_term_string}\"},\"query-input\":{\"@type\":\"PropertyValueSpecification\",\"valueRequired\":true,\"valueName\":\"search_term_string\"}}],\"inLanguage\":\"sk-SK\"}]}<\/script>\n<!-- \/ Yoast SEO plugin. -->","yoast_head_json":{"title":"Zv\u00e1ra\u010dsk\u00e9 pr\u00e1ce - PS MONT DE, s. r. o.","robots":{"index":"index","follow":"follow","max-snippet":"max-snippet:-1","max-image-preview":"max-image-preview:large","max-video-preview":"max-video-preview:-1"},"canonical":"https:\/\/ps-mont.de\/zvaracske-prace\/","og_locale":"sk_SK","og_type":"article","og_title":"Zv\u00e1ra\u010dsk\u00e9 pr\u00e1ce - PS MONT DE, s. r. o.","og_description":"Zv\u00e1ra\u010dsk\u00e9 pr\u00e1ce Poskytujeme profesion\u00e1lne zv\u00e1ra\u010dsk\u00e9 slu\u017eby zameran\u00e9 na stavebn\u00e9, technologick\u00e9 a priemyseln\u00e9 projekty r\u00f4zneho rozsahu. \u0160pecializujeme sa na zv\u00e1ranie oce\u013eov\u00fdch a nerezov\u00fdch materi\u00e1lov, potrubn\u00fdch syst\u00e9mov, nosn\u00fdch kon\u0161trukci\u00ed a technologick\u00fdch rozvodov pre automatizovan\u00e9 linky a zariadenia.Na\u0161a pr\u00e1ca sp\u013a\u0148a pr\u00edsne kvalitat\u00edvne a bezpe\u010dnostn\u00e9 \u0161tandardy, pri\u010dom vyu\u017e\u00edvame r\u00f4zne met\u00f3dy zv\u00e1rania vr\u00e1tane TIG, MIG\/MAG a elektr\u00f3dov\u00e9ho zv\u00e1rania. Ka\u017ed\u00fd zvar [&hellip;]","og_url":"https:\/\/ps-mont.de\/zvaracske-prace\/","og_site_name":"PS MONT DE, s. r. o.","article_modified_time":"2025-11-05T19:00:38+00:00","twitter_card":"summary_large_image","twitter_misc":{"Predpokladan\u00fd \u010das \u010d\u00edtania":"1 min\u00fata"},"schema":{"@context":"https:\/\/schema.org","@graph":[{"@type":"WebPage","@id":"https:\/\/ps-mont.de\/zvaracske-prace\/","url":"https:\/\/ps-mont.de\/zvaracske-prace\/","name":"Zv\u00e1ra\u010dsk\u00e9 pr\u00e1ce - PS MONT DE, s. r. o.","isPartOf":{"@id":"https:\/\/ps-mont.de\/#website"},"datePublished":"2025-04-26T19:01:11+00:00","dateModified":"2025-11-05T19:00:38+00:00","breadcrumb":{"@id":"https:\/\/ps-mont.de\/zvaracske-prace\/#breadcrumb"},"inLanguage":"sk-SK","potentialAction":[{"@type":"ReadAction","target":["https:\/\/ps-mont.de\/zvaracske-prace\/"]}]},{"@type":"BreadcrumbList","@id":"https:\/\/ps-mont.de\/zvaracske-prace\/#breadcrumb","itemListElement":[{"@type":"ListItem","position":1,"name":"Domovsk\u00e1 str\u00e1nka","item":"https:\/\/ps-mont.de\/"},{"@type":"ListItem","position":2,"name":"Zv\u00e1ra\u010dsk\u00e9 pr\u00e1ce"}]},{"@type":"WebSite","@id":"https:\/\/ps-mont.de\/#website","url":"https:\/\/ps-mont.de\/","name":"PS MONT DE, s. r. o.","description":"","potentialAction":[{"@type":"SearchAction","target":{"@type":"EntryPoint","urlTemplate":"https:\/\/ps-mont.de\/?s={search_term_string}"},"query-input":{"@type":"PropertyValueSpecification","valueRequired":true,"valueName":"search_term_string"}}],"inLanguage":"sk-SK"}]}},"_links":{"self":[{"href":"https:\/\/ps-mont.de\/sk\/wp-json\/wp\/v2\/pages\/218","targetHints":{"allow":["GET"]}}],"collection":[{"href":"https:\/\/ps-mont.de\/sk\/wp-json\/wp\/v2\/pages"}],"about":[{"href":"https:\/\/ps-mont.de\/sk\/wp-json\/wp\/v2\/types\/page"}],"author":[{"embeddable":true,"href":"https:\/\/ps-mont.de\/sk\/wp-json\/wp\/v2\/users\/1"}],"replies":[{"embeddable":true,"href":"https:\/\/ps-mont.de\/sk\/wp-json\/wp\/v2\/comments?post=218"}],"version-history":[{"count":19,"href":"https:\/\/ps-mont.de\/sk\/wp-json\/wp\/v2\/pages\/218\/revisions"}],"predecessor-version":[{"id":538,"href":"https:\/\/ps-mont.de\/sk\/wp-json\/wp\/v2\/pages\/218\/revisions\/538"}],"wp:attachment":[{"href":"https:\/\/ps-mont.de\/sk\/wp-json\/wp\/v2\/media?parent=218"}],"curies":[{"name":"wp","href":"https:\/\/api.w.org\/{rel}","templated":true}]}}